{"id":1260,"date":"2017-03-02T22:26:53","date_gmt":"2017-03-03T06:26:53","guid":{"rendered":"https:\/\/minyu.com\/history"},"modified":"2017-09-15T13:04:09","modified_gmt":"2017-09-15T20:04:09","slug":"history","status":"publish","type":"page","link":"https:\/\/minyu.com\/es\/nosotros\/history","title":{"rendered":"Historia"},"content":{"rendered":"","protected":false},"excerpt":{"rendered":"","protected":false},"author":1,"featured_media":1791,"parent":2950,"menu_order":114,"comment_status":"closed","ping_status":"closed","template":"","meta":{"_seopress_robots_primary_cat":"","_seopress_titles_title":"Historia de Nuestra Empresa | %%sitetitle%%","_seopress_titles_desc":"Minyu Machinery Corp comenz\u00f3 hace m\u00e1s de 50 a\u00f1os. Aprenda m\u00e1s sobre nuestra historia y hitos a lo largo de los a\u00f1os.","_seopress_robots_index":"","footnotes":""},"tags":[],"class_list":["post-1260","page","type-page","status-publish","has-post-thumbnail","hentry"],"_links":{"self":[{"href":"https:\/\/minyu.com\/es\/wp-json\/wp\/v2\/pages\/1260","targetHints":{"allow":["GET"]}}],"collection":[{"href":"https:\/\/minyu.com\/es\/wp-json\/wp\/v2\/pages"}],"about":[{"href":"https:\/\/minyu.com\/es\/wp-json\/wp\/v2\/types\/page"}],"author":[{"embeddable":true,"href":"https:\/\/minyu.com\/es\/wp-json\/wp\/v2\/users\/1"}],"replies":[{"embeddable":true,"href":"https:\/\/minyu.com\/es\/wp-json\/wp\/v2\/comments?post=1260"}],"version-history":[{"count":0,"href":"https:\/\/minyu.com\/es\/wp-json\/wp\/v2\/pages\/1260\/revisions"}],"up":[{"embeddable":true,"href":"https:\/\/minyu.com\/es\/wp-json\/wp\/v2\/pages\/2950"}],"wp:featuredmedia":[{"embeddable":true,"href":"https:\/\/minyu.com\/es\/wp-json\/wp\/v2\/media\/1791"}],"wp:attachment":[{"href":"https:\/\/minyu.com\/es\/wp-json\/wp\/v2\/media?parent=1260"}],"wp:term":[{"taxonomy":"post_tag","embeddable":true,"href":"https:\/\/minyu.com\/es\/wp-json\/wp\/v2\/tags?post=1260"}],"curies":[{"name":"wp","href":"https:\/\/api.w.org\/{rel}","templated":true}]}}