{"id":2890,"date":"2017-01-30T00:52:40","date_gmt":"2017-01-30T08:52:40","guid":{"rendered":"https:\/\/minyu.com\/inicio"},"modified":"2019-10-25T12:47:09","modified_gmt":"2019-10-25T19:47:09","slug":"inicio","status":"publish","type":"page","link":"https:\/\/minyu.com\/es","title":{"rendered":"Inicio"},"content":{"rendered":"<h1>\n\t\t\u00a1M\u00e1s de 50 a\u00f1os de excelencia!<br \/>\n\t<\/h1>\n<p>\t\t\t<a href=\"\" target=\"_self\" role=\"button\" rel=\"noopener noreferrer\"><br \/>\n\t\t\t\t\t\tNosotros<br \/>\n\t\t\t\t\t<\/a><\/p>\n<h2>\n\t\tQuien somos<br \/>\n\t<\/h2>\n<p>Minyu Machinery Corp. es el fabricante taiwan\u00e9s l\u00edder de trituradoras y cribas. Durante m\u00e1s de cinco d\u00e9cadas, hemos estado dise\u00f1ando, fabricando y comercializando equipos que han cambiado la infraestructura no s\u00f3lo de Taiw\u00e1n, sino tambi\u00e9n de muchos pa\u00edses alrededor del mundo.<\/p>\n<p>\t\t\t<a href=\"https:\/\/minyu.com\/es\/nosotros\" target=\"_self\" role=\"button\" rel=\"noopener noreferrer\"><br \/>\n\t\t\t\t\t\t\tAprenda m\u00e1s<br \/>\n\t\t\t\t\t<\/a><\/p>\n<h2>\n\t\t\t\t<a href=\"\/washing-and-dust-suppression\" title=\"Maitek Wash Plants\" target=\"_self\"  rel=\"noopener noreferrer\"><br \/>\n\t\t\t\tMaitek Wash Plants<br \/>\n\t\t\t\t<\/a><br \/>\n\t\t\t<\/h2>\n<p>For Washing &amp; Classification Plants<\/p>\n<p>\t<a href=\"https:\/\/minyu.com\/es\/lavado-y-supresion-de-polvo\" target=\"_self\" role=\"button\" rel=\"noopener noreferrer\"><br \/>\n\t\t\t<\/a><\/p>\n<h2>\n\t\t\t\t<a href=\"\/crushing-equipment\/cone-crushers\/msp-series\" title=\"MSP Series Cone Crusher\" target=\"_self\"  rel=\"noopener noreferrer\"><br \/>\n\t\t\t\tMSP Series Cone Crusher<br \/>\n\t\t\t\t<\/a><br \/>\n\t\t\t<\/h2>\n<p>For High Speed Aggregate Crushing<\/p>\n<p>\t<a href=\"https:\/\/minyu.com\/es\/trituracion-equipo\/cono-trituradoras\/serie-msp\" target=\"_self\" role=\"button\" rel=\"noopener noreferrer\"><br \/>\n\t\t\t<\/a><\/p>\n<h2>\n\t\t\t\t<a href=\"https:\/\/minyu.com\/crushing-equipment\/impact-crushers\/mic-horizontal-shaft-impact-crusher\" title=\"MIC Horizontal Impact Crushers\" target=\"_self\"  rel=\"noopener noreferrer\"><br \/>\n\t\t\t\tMIC Horizontal Impact Crushers<br \/>\n\t\t\t\t<\/a><br \/>\n\t\t\t<\/h2>\n<p>For Recycling Plant Crushing<\/p>\n<p>\t<a href=\"https:\/\/minyu.com\/es\/trituracion-equipo\/trituradoras-impacto\/mic-eje-horizontal-trituradora-impacto\" target=\"_self\" role=\"button\" rel=\"noopener noreferrer\"><br \/>\n\t\t\t<\/a><\/p>\n<p>Click here to edit Spacer module.<\/p>\n<h2>\n\t\tTestimonios<br \/>\n\t<\/h2>\n<p>\t\t\t\t<img decoding=\"async\" src=\"https:\/\/minyu.com\/wp-content\/uploads\/2017\/01\/MARTIN-MARIETTA-MINYU-TESTIMONIALS-1-300x225.jpg\" alt=\"Martin Marietta - Minyu Client Testimonial\" itemprop=\"image\"\/><br \/>\n                              <input type=\"radio\" value=\"5\"><br \/>\n                  <label title=\"5 out of 5 stars\"><\/label><br \/>\n                  <input type=\"radio\" value=\"4\"><br \/>\n                  <label title=\"4 out of 5 stars\"><\/label><br \/>\n                  <input type=\"radio\" value=\"3\"><br \/>\n                  <label title=\"3 out of 5 stars\"><\/label><br \/>\n                  <input type=\"radio\" value=\"2\"><br \/>\n                  <label title=\"2 out of 5 stars\"><\/label><br \/>\n                  <input type=\"radio\" value=\"1\"><br \/>\n                  <label title=\"1 out of 5 stars\"><\/label><br \/>\n\t\t\t\t<img decoding=\"async\" src=\"https:\/\/minyu.com\/wp-content\/uploads\/2017\/01\/GROUNDWORX-MINYU-TESTIMONIALS-1-300x225.jpg\" alt=\"Groundwork - Minyu Client Testimonial\" itemprop=\"image\"\/><br \/>\n                              <input type=\"radio\" value=\"5\"><br \/>\n                  <label title=\"5 out of 5 stars\"><\/label><br \/>\n                  <input type=\"radio\" value=\"4\"><br \/>\n                  <label title=\"4 out of 5 stars\"><\/label><br \/>\n                  <input type=\"radio\" value=\"3\"><br \/>\n                  <label title=\"3 out of 5 stars\"><\/label><br \/>\n                  <input type=\"radio\" value=\"2\"><br \/>\n                  <label title=\"2 out of 5 stars\"><\/label><br \/>\n                  <input type=\"radio\" value=\"1\"><br \/>\n                  <label title=\"1 out of 5 stars\"><\/label><br \/>\n\t\t\t\t<img decoding=\"async\" src=\"https:\/\/minyu.com\/wp-content\/uploads\/2017\/01\/FM-MAQUINARIA-MINYU-TESTIMONIALS-1-300x225.jpg\" alt=\"FM Maquinaria - Minyu Client Testimonial\" itemprop=\"image\"\/><br \/>\n                              <input type=\"radio\" value=\"5\"><br \/>\n                  <label title=\"5 out of 5 stars\"><\/label><br \/>\n                  <input type=\"radio\" value=\"4\"><br \/>\n                  <label title=\"4 out of 5 stars\"><\/label><br \/>\n                  <input type=\"radio\" value=\"3\"><br \/>\n                  <label title=\"3 out of 5 stars\"><\/label><br \/>\n                  <input type=\"radio\" value=\"2\"><br \/>\n                  <label title=\"2 out of 5 stars\"><\/label><br \/>\n                  <input type=\"radio\" value=\"1\"><br \/>\n                  <label title=\"1 out of 5 stars\"><\/label><br \/>\n\t\t\t\t<img decoding=\"async\" src=\"https:\/\/minyu.com\/wp-content\/uploads\/2017\/01\/Hi-GradeLogo2.gif\" alt=\"Hi-Grade Materials Logo\" itemprop=\"image\"\/><br \/>\n                              <input type=\"radio\" value=\"5\"><br \/>\n                  <label title=\"5 out of 5 stars\"><\/label><br \/>\n                  <input type=\"radio\" value=\"4\"><br \/>\n                  <label title=\"4 out of 5 stars\"><\/label><br \/>\n                  <input type=\"radio\" value=\"3\"><br \/>\n                  <label title=\"3 out of 5 stars\"><\/label><br \/>\n                  <input type=\"radio\" value=\"2\"><br \/>\n                  <label title=\"2 out of 5 stars\"><\/label><br \/>\n                  <input type=\"radio\" value=\"1\"><br \/>\n                  <label title=\"1 out of 5 stars\"><\/label><\/p>\n<h2>\n\t\tLea de lo nuevo en Minyu<br \/>\n\t<\/h2>\n<p>Sorry, we couldn&#8217;t find any posts. Please try a different search.<\/p>\n<form method=\"get\" role=\"search\" action=\"https:\/\/minyu.com\/es\" title=\"Escribe y pulsa Enter para buscar.\">\n\t<input type=\"search\" name=\"s\" value=\"B\u00fasqueda\" onfocus=\"if (this.value == 'B\u00fasqueda') { this.value = ''; }\" onblur=\"if (this.value == '') this.value='B\u00fasqueda';\" \/><br \/>\n<\/form>\n","protected":false},"excerpt":{"rendered":"<p>\u00a1M\u00e1s de 50 a\u00f1os de excelencia! Nosotros Quien somos Minyu Machinery Corp. es el fabricante taiwan\u00e9s l\u00edder de trituradoras y cribas. Durante m\u00e1s de cinco d\u00e9cadas, hemos estado dise\u00f1ando, fabricando y comercializando equipos que han cambiado la infraestructura no s\u00f3lo de Taiw\u00e1n, sino tambi\u00e9n de muchos pa\u00edses alrededor del mundo. Aprenda m\u00e1s Maitek Wash Plants&hellip;<\/p>\n","protected":false},"author":1,"featured_media":2919,"parent":0,"menu_order":2,"comment_status":"closed","ping_status":"closed","template":"","meta":{"_seopress_robots_primary_cat":"","_seopress_titles_title":"Fabricante de trituradoras y cribas | Minyu Machinery Corp | %%sitetitle%%","_seopress_titles_desc":"Minyu Machinery Corp es el fabricante principal taiwan\u00e9s de equipos de trituraci\u00f3n y cribado.","_seopress_robots_index":"","footnotes":""},"tags":[],"class_list":["post-2890","page","type-page","status-publish","has-post-thumbnail","hentry"],"_links":{"self":[{"href":"https:\/\/minyu.com\/es\/wp-json\/wp\/v2\/pages\/2890","targetHints":{"allow":["GET"]}}],"collection":[{"href":"https:\/\/minyu.com\/es\/wp-json\/wp\/v2\/pages"}],"about":[{"href":"https:\/\/minyu.com\/es\/wp-json\/wp\/v2\/types\/page"}],"author":[{"embeddable":true,"href":"https:\/\/minyu.com\/es\/wp-json\/wp\/v2\/users\/1"}],"replies":[{"embeddable":true,"href":"https:\/\/minyu.com\/es\/wp-json\/wp\/v2\/comments?post=2890"}],"version-history":[{"count":0,"href":"https:\/\/minyu.com\/es\/wp-json\/wp\/v2\/pages\/2890\/revisions"}],"wp:featuredmedia":[{"embeddable":true,"href":"https:\/\/minyu.com\/es\/wp-json\/wp\/v2\/media\/2919"}],"wp:attachment":[{"href":"https:\/\/minyu.com\/es\/wp-json\/wp\/v2\/media?parent=2890"}],"wp:term":[{"taxonomy":"post_tag","embeddable":true,"href":"https:\/\/minyu.com\/es\/wp-json\/wp\/v2\/tags?post=2890"}],"curies":[{"name":"wp","href":"https:\/\/api.w.org\/{rel}","templated":true}]}}