{"id":2892,"date":"2017-03-06T17:47:22","date_gmt":"2017-03-07T01:47:22","guid":{"rendered":"https:\/\/minyu.com\/trituracion-equipo"},"modified":"2019-01-22T14:41:44","modified_gmt":"2019-01-22T22:41:44","slug":"trituracion-equipo","status":"publish","type":"page","link":"https:\/\/minyu.com\/es\/trituracion-equipo","title":{"rendered":"Trituraci\u00f3n"},"content":{"rendered":"","protected":false},"excerpt":{"rendered":"","protected":false},"author":1,"featured_media":1966,"parent":0,"menu_order":124,"comment_status":"closed","ping_status":"closed","template":"","meta":{"_seopress_robots_primary_cat":"","_seopress_titles_title":"Equipos de trituraci\u00f3n | %%sitetitle%%","_seopress_titles_desc":"Trituradoras de cono, trituradoras de mand\u00edbulas y trituradoras de impacto de Minyu para las industrias de construcci\u00f3n y mineria - fabricando equipos de trituraci\u00f3n de alta calidad por m\u00e1s de 50 a\u00f1os.","_seopress_robots_index":"","footnotes":""},"tags":[],"class_list":["post-2892","page","type-page","status-publish","has-post-thumbnail","hentry"],"_links":{"self":[{"href":"https:\/\/minyu.com\/es\/wp-json\/wp\/v2\/pages\/2892","targetHints":{"allow":["GET"]}}],"collection":[{"href":"https:\/\/minyu.com\/es\/wp-json\/wp\/v2\/pages"}],"about":[{"href":"https:\/\/minyu.com\/es\/wp-json\/wp\/v2\/types\/page"}],"author":[{"embeddable":true,"href":"https:\/\/minyu.com\/es\/wp-json\/wp\/v2\/users\/1"}],"replies":[{"embeddable":true,"href":"https:\/\/minyu.com\/es\/wp-json\/wp\/v2\/comments?post=2892"}],"version-history":[{"count":0,"href":"https:\/\/minyu.com\/es\/wp-json\/wp\/v2\/pages\/2892\/revisions"}],"wp:featuredmedia":[{"embeddable":true,"href":"https:\/\/minyu.com\/es\/wp-json\/wp\/v2\/media\/1966"}],"wp:attachment":[{"href":"https:\/\/minyu.com\/es\/wp-json\/wp\/v2\/media?parent=2892"}],"wp:term":[{"taxonomy":"post_tag","embeddable":true,"href":"https:\/\/minyu.com\/es\/wp-json\/wp\/v2\/tags?post=2892"}],"curies":[{"name":"wp","href":"https:\/\/api.w.org\/{rel}","templated":true}]}}