{"id":2925,"date":"2017-04-11T14:12:09","date_gmt":"2017-04-11T21:12:09","guid":{"rendered":"https:\/\/minyu.com\/trituracion-equipo\/cono-trituradoras\/serie-hn"},"modified":"2017-09-26T17:40:27","modified_gmt":"2017-09-27T00:40:27","slug":"serie-hn","status":"publish","type":"page","link":"https:\/\/minyu.com\/es\/trituracion-equipo\/cono-trituradoras\/serie-hn","title":{"rendered":"Serie HN"},"content":{"rendered":"","protected":false},"excerpt":{"rendered":"","protected":false},"author":1,"featured_media":0,"parent":2894,"menu_order":24,"comment_status":"closed","ping_status":"closed","template":"","meta":{"_seopress_robots_primary_cat":"","_seopress_titles_title":"Serie HN Trituradora de Cono | %%sitetitle%%","_seopress_titles_desc":"La trituradora de cono HN de Minyu combina la gran capacidad de trituraci\u00f3n de una m\u00e1quina robusta con el bajo mantenimiento de un dise\u00f1o simplista.","_seopress_robots_index":"","footnotes":""},"tags":[93],"class_list":["post-2925","page","type-page","status-publish","hentry","tag-trituradora-de-cono"],"_links":{"self":[{"href":"https:\/\/minyu.com\/es\/wp-json\/wp\/v2\/pages\/2925","targetHints":{"allow":["GET"]}}],"collection":[{"href":"https:\/\/minyu.com\/es\/wp-json\/wp\/v2\/pages"}],"about":[{"href":"https:\/\/minyu.com\/es\/wp-json\/wp\/v2\/types\/page"}],"author":[{"embeddable":true,"href":"https:\/\/minyu.com\/es\/wp-json\/wp\/v2\/users\/1"}],"replies":[{"embeddable":true,"href":"https:\/\/minyu.com\/es\/wp-json\/wp\/v2\/comments?post=2925"}],"version-history":[{"count":0,"href":"https:\/\/minyu.com\/es\/wp-json\/wp\/v2\/pages\/2925\/revisions"}],"up":[{"embeddable":true,"href":"https:\/\/minyu.com\/es\/wp-json\/wp\/v2\/pages\/2894"}],"wp:attachment":[{"href":"https:\/\/minyu.com\/es\/wp-json\/wp\/v2\/media?parent=2925"}],"wp:term":[{"taxonomy":"post_tag","embeddable":true,"href":"https:\/\/minyu.com\/es\/wp-json\/wp\/v2\/tags?post=2925"}],"curies":[{"name":"wp","href":"https:\/\/api.w.org\/{rel}","templated":true}]}}