{"id":2928,"date":"2017-04-11T14:12:19","date_gmt":"2017-04-11T21:12:19","guid":{"rendered":"https:\/\/minyu.com\/trituracion-equipo\/cono-trituradoras\/serie-mcc"},"modified":"2017-09-27T16:01:33","modified_gmt":"2017-09-27T23:01:33","slug":"serie-mcc","status":"publish","type":"page","link":"https:\/\/minyu.com\/es\/trituracion-equipo\/cono-trituradoras\/serie-mcc","title":{"rendered":"Serie MCC"},"content":{"rendered":"","protected":false},"excerpt":{"rendered":"","protected":false},"author":1,"featured_media":0,"parent":2894,"menu_order":32,"comment_status":"closed","ping_status":"closed","template":"","meta":{"_seopress_robots_primary_cat":"","_seopress_titles_title":"Trituradora de Cono Serie MCC | %%sitetitle%%","_seopress_titles_desc":"La trituradora de cono de la de Minyu serie MCC se utiliza para trituraci\u00f3n est\u00e1ndar o gruesa y puede ser estacionaria o port\u00e1til.","_seopress_robots_index":"","footnotes":""},"tags":[93],"class_list":["post-2928","page","type-page","status-publish","hentry","tag-trituradora-de-cono"],"_links":{"self":[{"href":"https:\/\/minyu.com\/es\/wp-json\/wp\/v2\/pages\/2928","targetHints":{"allow":["GET"]}}],"collection":[{"href":"https:\/\/minyu.com\/es\/wp-json\/wp\/v2\/pages"}],"about":[{"href":"https:\/\/minyu.com\/es\/wp-json\/wp\/v2\/types\/page"}],"author":[{"embeddable":true,"href":"https:\/\/minyu.com\/es\/wp-json\/wp\/v2\/users\/1"}],"replies":[{"embeddable":true,"href":"https:\/\/minyu.com\/es\/wp-json\/wp\/v2\/comments?post=2928"}],"version-history":[{"count":0,"href":"https:\/\/minyu.com\/es\/wp-json\/wp\/v2\/pages\/2928\/revisions"}],"up":[{"embeddable":true,"href":"https:\/\/minyu.com\/es\/wp-json\/wp\/v2\/pages\/2894"}],"wp:attachment":[{"href":"https:\/\/minyu.com\/es\/wp-json\/wp\/v2\/media?parent=2928"}],"wp:term":[{"taxonomy":"post_tag","embeddable":true,"href":"https:\/\/minyu.com\/es\/wp-json\/wp\/v2\/tags?post=2928"}],"curies":[{"name":"wp","href":"https:\/\/api.w.org\/{rel}","templated":true}]}}