{"id":2930,"date":"2017-04-11T14:11:56","date_gmt":"2017-04-11T21:11:56","guid":{"rendered":"https:\/\/minyu.com\/trituracion-equipo\/cono-trituradoras\/serie-msp"},"modified":"2019-01-29T18:03:50","modified_gmt":"2019-01-30T02:03:50","slug":"serie-msp","status":"publish","type":"page","link":"https:\/\/minyu.com\/es\/trituracion-equipo\/cono-trituradoras\/serie-msp","title":{"rendered":"Serie MSP"},"content":{"rendered":"<h1>\n\t\t Trituradora de Cono Serie MSP<br \/>\n\t<\/h1>\n<h2>\n\t\tNuestra trituradora de cono principal serie MSP est\u00e1 equipado con el sistema de control hidr\u00e1ulico m\u00e1s avanzado para el funcionamiento simple y menos mano de obra.<br \/>\n\t<\/h2>\n<p>\t<a href=\"\/wp-content\/uploads\/2017\/03\/CONE-CRUSHER-SP-SERIES-1.pdf\" target=\"_blank\" role=\"button\"><br \/>\n\t\t\t\tDownload Catalog<br \/>\n\t\t\t<\/a><br \/>\n\t\t\t\t<a href=\"https:\/\/minyu.com\/wp-content\/uploads\/2017\/04\/MSP300-OPEN-CIRCUIT-TRACK-PLANT-MO-USA.jpg\" target=\"_self\" itemprop=\"url\"><br \/>\n\t\t\t\t<img loading=\"lazy\" decoding=\"async\" src=\"https:\/\/minyu.com\/wp-content\/uploads\/2017\/04\/MSP300-OPEN-CIRCUIT-TRACK-PLANT-MO-USA.jpg\" alt=\"Minyu MSP300 Cone Crusher in Missouri, USA\" itemprop=\"image\" height=\"600\" width=\"800\" title=\"Minyu MSP300 Cone Crusher in Missouri, USA\" onerror=\"this.style.display='none'\"  \/><br \/>\n\t\t\t\t<\/a><\/p>\n<h3>\n\t\t Trituradora de Cono de Minyu serie MSP<br \/>\n\t<\/h3>\n<p><strong>Caracteristicas:<\/strong><\/p>\n<ul>\n<li>Producto de alta capacidad con perfecta forma y tama\u00f1o uniforme. <\/li>\n<li>Alivio de tensi\u00f3n en la estructura: Los refuerzos de alta resistencia se instalan en puntos de tensi\u00f3n alta. <\/li>\n<li>Ajuste hidr\u00e1ulico para ayudar en cambios r\u00e1pidos de la configuraci\u00f3n de la trituradora de cono. <\/li>\n<li>El desmontaje hidr\u00e1ulico es est\u00e1ndar en las trituradoras de cono SP con cilindros de liberaci\u00f3n para acortar el tiempo de inactividad.<\/li>\n<li>NO llenar el c\u00f3ncavo para ser reemplazado r\u00e1pida y convenientemente. <\/li>\n<li>Protecci\u00f3n de sobrecarga autom\u00e1tica: Si se sobrecarga, la trituradora puede restaurarse autom\u00e1ticamente para mantener la apertura de descarga y la calidad productiva constante.<\/li>\n<li>Las trituradoras de cono SP tienen alta capacidad, una bomba de lubricaci\u00f3n externa, tanque de aceite, sistema de filtraci\u00f3n de aceite, apagado de alta temperatura del aceite, apagado de flujo de aceite bajo y un medidor de flujo de aceite. Un intercambiador de calor tambi\u00e9n est\u00e1 disponible. <\/li>\n<li>Exc\u00e9ntrica de altura alta para proporciones de trituraci\u00f3n grandes y una mayor eficiencia de trituraci\u00f3n. <\/li>\n<li>C\u00f3ncavo cerrado a la celda superior por arriba, fijaci\u00f3n estable, intercambio f\u00e1cil. <\/li>\n<li>Alta velocidad de rotaci\u00f3n de hasta 800 rpm para alta capacidad. <\/li>\n<li>Altura Aumentada del manto y c\u00f3ncavo para una mas eficiencia de trituraci\u00f3n. <\/li>\n<li>Aumento de la carrera en la abertura de alimentalaci\u00f3n para una proporci\u00f3n alta de trituraci\u00f3n y mas rendimiento.<\/li>\n<li id=\"tw-target-text\" dir=\"ltr\" data-placeholder=\"Translation\">El marco principal fuerte y ordenado, polea de la trituradora con la transmisi\u00f3n de alta energ\u00eda para una vida de servicio m\u00e1s larga del dispositivo de accionamiento.<\/li>\n<\/ul>\n<nav>\n<ul>\n<li data-index=\"0\">\n<h3>\n\t\t\t\t\t\t<a href=\"javascript:void(0);\">Specifications<\/a><br \/>\n\t\t\t\t\t<\/h3>\n<\/li>\n<li data-index=\"1\">\n<h3>\n\t\t\t\t\t\t<a href=\"javascript:void(0);\">Capacity<\/a><br \/>\n\t\t\t\t\t<\/h3>\n<\/li>\n<li data-index=\"2\">\n<h3>\n\t\t\t\t\t\t<a href=\"javascript:void(0);\">Approx. Dimension<\/a><br \/>\n\t\t\t\t\t<\/h3>\n<\/li>\n<li data-index=\"3\">\n<h3>\n\t\t\t\t\t\t<a href=\"javascript:void(0);\">Profile Construction<\/a><br \/>\n\t\t\t\t\t<\/h3>\n<\/li>\n<li data-index=\"4\">\n<h3>\n\t\t\t\t\t\t<a href=\"javascript:void(0);\">Size Distribution<\/a><br \/>\n\t\t\t\t\t<\/h3>\n<\/li>\n<\/ul>\n<\/nav>\n<h3>\n\t\t\t\t\t\t\t\t\t\t\t\tSpecifications<br \/>\n\t\t\t\t\t\t\t\t\t\t\t<\/h3>\n\n<table id=\"tablepress-MSP-SPEC-4\" class=\"tablepress tablepress-id-MSP-SPEC-4\">\n<thead>\n<tr class=\"row-1\">\n\t<th class=\"column-1\">Model No.<\/th><th class=\"column-2\">Size (in) \/ Type<\/th><th class=\"column-3\">Max Feed<br \/>\nOpening (in\/mm)<\/th><th class=\"column-4\">Min Discharge<br \/>\nOpening (in\/mm)<\/th><th class=\"column-5\">Motor Power HP (kW)<\/th><th class=\"column-6\">Weight lbs (kg)<\/th>\n<\/tr>\n<\/thead>\n<tbody class=\"row-striping row-hover\">\n<tr class=\"row-2\">\n\t<td class=\"column-1\">MSP100(C)<\/td><td class=\"column-2\">36 \/ coarse liner<\/td><td class=\"column-3\">5 in \/ 135mm<\/td><td class=\"column-4\">5\/8 in \/ 16mm<\/td><td class=\"column-5\">100-150 (75-112)<\/td><td class=\"column-6\">14,960 (6,800)<\/td>\n<\/tr>\n<tr class=\"row-3\">\n\t<td class=\"column-1\">MSP100(F)<\/td><td class=\"column-2\">36 \/ fine liner<\/td><td class=\"column-3\">4 in \/ 105mm<\/td><td class=\"column-4\">5\/8 in \/ 16mm<\/td><td class=\"column-5\">100-150 (75-112)<\/td><td class=\"column-6\">14,960 (6,800)<\/td>\n<\/tr>\n<tr class=\"row-4\">\n\t<td class=\"column-1\">MSP200(C)<\/td><td class=\"column-2\">42 \/ coarse liner<\/td><td class=\"column-3\">7 in \/ 185mm<\/td><td class=\"column-4\">3\/4 in \/ 19mm<\/td><td class=\"column-5\">150-200 (110-150)<\/td><td class=\"column-6\">26,400 (12,000)<\/td>\n<\/tr>\n<tr class=\"row-5\">\n\t<td class=\"column-1\">MSP200(F)<\/td><td class=\"column-2\">42 \/ fine liner<\/td><td class=\"column-3\">6 in \/ 145mm<\/td><td class=\"column-4\">2\/3 in \/ 17mm<\/td><td class=\"column-5\">150-200 (110-150)<\/td><td class=\"column-6\">26,400 (12,000)<\/td>\n<\/tr>\n<tr class=\"row-6\">\n\t<td class=\"column-1\">MSP200(S)<\/td><td class=\"column-2\">42 \/short head liner<\/td><td class=\"column-3\">2 3\/4 in \/ 70mm<\/td><td class=\"column-4\">1\/2 in \/ 13mm<\/td><td class=\"column-5\">150-200 (110-150)<\/td><td class=\"column-6\">26,400 (12,000)<\/td>\n<\/tr>\n<tr class=\"row-7\">\n\t<td class=\"column-1\">MSP300(C)<\/td><td class=\"column-2\">48 \/ coarse liner<\/td><td class=\"column-3\">8 1\/2 in \/ 210mm<\/td><td class=\"column-4\">4\/5 in \/ 22mm<\/td><td class=\"column-5\">250-300 (180-225)<\/td><td class=\"column-6\">41,140 (18,700)<\/td>\n<\/tr>\n<tr class=\"row-8\">\n\t<td class=\"column-1\">MSP300(F)<\/td><td class=\"column-2\">48 \/ fine liner<\/td><td class=\"column-3\">7 in \/ 185mm<\/td><td class=\"column-4\">3\/4 in \/ 19mm<\/td><td class=\"column-5\">250-300 (180-225)<\/td><td class=\"column-6\">41,140 (18,700)<\/td>\n<\/tr>\n<tr class=\"row-9\">\n\t<td class=\"column-1\">MSP300(S)<\/td><td class=\"column-2\">48 \/ short head liner<\/td><td class=\"column-3\">3 1\/2 in \/ 90mm<\/td><td class=\"column-4\">5\/8 in \/ 16mm<\/td><td class=\"column-5\">250-300 (180-225)<\/td><td class=\"column-6\">41,140 (18,700)<\/td>\n<\/tr>\n<tr class=\"row-10\">\n\t<td class=\"column-1\">MSP400(C)<\/td><td class=\"column-2\">53 \/ coarse liner<\/td><td class=\"column-3\">11 1\/2 in \/ 290mm<\/td><td class=\"column-4\">5\/8 in \/ 16mm<\/td><td class=\"column-5\">300-400 (220-300)<\/td><td class=\"column-6\">62,480 (28,400)<\/td>\n<\/tr>\n<tr class=\"row-11\">\n\t<td class=\"column-1\">MSP400(F)<\/td><td class=\"column-2\">53 \/ fine liner<\/td><td class=\"column-3\">8 1\/2 in \/ 210mm<\/td><td class=\"column-4\">4\/5 in \/ 22mm<\/td><td class=\"column-5\">300-400 (220-300)<\/td><td class=\"column-6\">62,480 (28,400)<\/td>\n<\/tr>\n<tr class=\"row-12\">\n\t<td class=\"column-1\">MSP400(S)<\/td><td class=\"column-2\">53 \/ short head liner<\/td><td class=\"column-3\">4 1\/2 in \/ 110mm<\/td><td class=\"column-4\">5\/8 in \/ 16mm<\/td><td class=\"column-5\">300-400 (220-300)<\/td><td class=\"column-6\">62,480 (28,400)<\/td>\n<\/tr>\n<\/tbody>\n<\/table>\n<!-- #tablepress-MSP-SPEC-4 from cache -->\n<h3>\n\t\t\t\t\t\t\t\t\t\t\t\tCapacity<br \/>\n\t\t\t\t\t\t\t\t\t\t\t<\/h3>\n[table \u201cMSP-CAP\u201d not found \/]<br \/>\n\n<p>Capacity based on continuous regulated feed of clean, dry limestone of normal hardness with a bulk density of 1.6 ton\/m3. Capacity may vary +\/- 25% with the size and nature of the rock and the working conditions of the plant.<\/p>\n<h3>\n\t\t\t\t\t\t\t\t\t\t\t\tApprox. Dimension<br \/>\n\t\t\t\t\t\t\t\t\t\t\t<\/h3>\n<p><img loading=\"lazy\" decoding=\"async\" src=\"https:\/\/minyu.com\/wp-content\/uploads\/2017\/04\/CONE-CRUSHER-SP-DIMENSIONS.jpg\" alt=\"MSP Cone Crusher from Minyu: Dimensions\" width=\"768\" height=\"838\" \/><\/p>\n[table \u201cMSP-DIM\u201d not found \/]<br \/>\n\n<p>The parameters above are for reference only.<\/p>\n<h3>\n\t\t\t\t\t\t\t\t\t\t\t\tProfile Construction<br \/>\n\t\t\t\t\t\t\t\t\t\t\t<\/h3>\n<p><img loading=\"lazy\" decoding=\"async\" src=\"https:\/\/minyu.com\/wp-content\/uploads\/2017\/04\/CONE-CRUSHER-SP-PROFILE-CONSTRUCTION.jpg\" alt=\"MSP Cone Crusher from Minyu: Profile Construction View\" width=\"1041\" height=\"736\" \/><\/p>\n<h3>\n\t\t\t\t\t\t\t\t\t\t\t\tSize Distribution<br \/>\n\t\t\t\t\t\t\t\t\t\t\t<\/h3>\n<p><img loading=\"lazy\" decoding=\"async\" src=\"https:\/\/minyu.com\/wp-content\/uploads\/2017\/04\/CONE-CRUSHER-SP-SIZE-DISTRIBUTION.jpg\" alt=\"\" width=\"1024\" height=\"532\" \/><\/p>\n[table \u201cMSP-SIEVE\u201d not found \/]<br \/>\n\n<p>\t\t\t\t\t<!-- \/content --><br \/>\n\t<!-- \/tabs --><\/p>\n<h5>Straightforward Design, Rugged Construction, Reliable Customer Service.<\/h5>\n<h3>Minyu Cone Crushers are Ideal for Most Crushing Operations. <\/h3>\n<p>For the most efficient and economical production, a wide range of Minyu Cone Crusher models is available for you to choose from. Minyu Cone Crushers are proven to be one of the most well balanced cone crushers in the world. As a professional cone crusher manufacturer and supplier, we also offer Customized Crushers, Jaw Crushers, Impact Crushers, Crushing Plant Design, Portable Crushers, and more.<\/p>\n<p>Usually, a cone crusher is installed in a crushing circuit as a secondary crusher. Pre-crushed material fed in via the top of the cone crusher flows over the mantle while the vertical cone crusher drive shaft rotates the mantle. The mantle performs eccentric movements under the concave (also called bowl liner), so squeezing &amp; crushing the material between the cone crusher mantle and concave. In general, a cone crusher runs on V-belts driven by an electric motor or diesel engine. Extensive application of Cone crusher in aggregate and mineral processing industries.<\/p>\n<h1>\n\t\t\t\t\t\t\t<a href=\"https:\/\/minyu.com\/es\/contactenos\" target=\"_self\"><br \/>\n\t\t\tQuestions?<br \/>\n\t\t\t\t\t\t\t<\/a><br \/>\n\t\t<\/h1>\n<p>Have questions about what we do? Interested in our product or becoming a partner? The first step is to get in touch with us. Head to our Contact Page and connect with the office in your area.<\/p>\n<p>\t\t\t<a href=\"https:\/\/minyu.com\/es\/contactenos\" target=\"_self\" role=\"button\"><br \/>\n\t\t\t\t\t\tGet in touch<br \/>\n\t\t\t\t\t<\/a><\/p>\n","protected":false},"excerpt":{"rendered":"<p>Trituradora de Cono Serie MSP Nuestra trituradora de cono principal serie MSP est\u00e1 equipado con el sistema de control hidr\u00e1ulico m\u00e1s avanzado para el funcionamiento simple y menos mano de obra. Download Catalog Trituradora de Cono de Minyu serie MSP Caracteristicas: Producto de alta capacidad con perfecta forma y tama\u00f1o uniforme. Alivio de tensi\u00f3n en&hellip;<\/p>\n","protected":false},"author":1,"featured_media":0,"parent":2894,"menu_order":36,"comment_status":"closed","ping_status":"closed","template":"","meta":{"_seopress_robots_primary_cat":"","_seopress_titles_title":"Trituradora de Cono Serie MSP | %%sitetitle%%","_seopress_titles_desc":"La trituradora de cono serie MSP es nuestra trituradora insignia y est\u00e1 equipada con el sistema de control hidr\u00e1ulico m\u00e1s avanzado para una operaci\u00f3n sencilla y menos mano de obra.","_seopress_robots_index":"","footnotes":""},"tags":[93],"class_list":["post-2930","page","type-page","status-publish","hentry","tag-trituradora-de-cono"],"_links":{"self":[{"href":"https:\/\/minyu.com\/es\/wp-json\/wp\/v2\/pages\/2930","targetHints":{"allow":["GET"]}}],"collection":[{"href":"https:\/\/minyu.com\/es\/wp-json\/wp\/v2\/pages"}],"about":[{"href":"https:\/\/minyu.com\/es\/wp-json\/wp\/v2\/types\/page"}],"author":[{"embeddable":true,"href":"https:\/\/minyu.com\/es\/wp-json\/wp\/v2\/users\/1"}],"replies":[{"embeddable":true,"href":"https:\/\/minyu.com\/es\/wp-json\/wp\/v2\/comments?post=2930"}],"version-history":[{"count":0,"href":"https:\/\/minyu.com\/es\/wp-json\/wp\/v2\/pages\/2930\/revisions"}],"up":[{"embeddable":true,"href":"https:\/\/minyu.com\/es\/wp-json\/wp\/v2\/pages\/2894"}],"wp:attachment":[{"href":"https:\/\/minyu.com\/es\/wp-json\/wp\/v2\/media?parent=2930"}],"wp:term":[{"taxonomy":"post_tag","embeddable":true,"href":"https:\/\/minyu.com\/es\/wp-json\/wp\/v2\/tags?post=2930"}],"curies":[{"name":"wp","href":"https:\/\/api.w.org\/{rel}","templated":true}]}}