{"id":2932,"date":"2017-04-06T19:06:05","date_gmt":"2017-04-07T02:06:05","guid":{"rendered":"https:\/\/minyu.com\/trituracion-equipo\/trituradoras-impacto"},"modified":"2019-01-22T14:52:16","modified_gmt":"2019-01-22T22:52:16","slug":"trituradoras-impacto","status":"publish","type":"page","link":"https:\/\/minyu.com\/es\/trituracion-equipo\/trituradoras-impacto","title":{"rendered":"Trituradoras de Impacto"},"content":{"rendered":"","protected":false},"excerpt":{"rendered":"","protected":false},"author":1,"featured_media":2694,"parent":2892,"menu_order":127,"comment_status":"closed","ping_status":"closed","template":"","meta":{"_seopress_robots_primary_cat":"","_seopress_titles_title":"Trituradoras de Impacto | Equipos de Trituraci\u00f3n | %%sitetitle%%","_seopress_titles_desc":"Las trituradoras de impacto de Minyu se fabrican con los m\u00e1s altos est\u00e1ndares y soportar los rigores de cualquier sitio de trabajo. Nuestras trituradoras de impacto superan nuestra competencia!","_seopress_robots_index":"","footnotes":""},"tags":[],"class_list":["post-2932","page","type-page","status-publish","has-post-thumbnail","hentry"],"_links":{"self":[{"href":"https:\/\/minyu.com\/es\/wp-json\/wp\/v2\/pages\/2932","targetHints":{"allow":["GET"]}}],"collection":[{"href":"https:\/\/minyu.com\/es\/wp-json\/wp\/v2\/pages"}],"about":[{"href":"https:\/\/minyu.com\/es\/wp-json\/wp\/v2\/types\/page"}],"author":[{"embeddable":true,"href":"https:\/\/minyu.com\/es\/wp-json\/wp\/v2\/users\/1"}],"replies":[{"embeddable":true,"href":"https:\/\/minyu.com\/es\/wp-json\/wp\/v2\/comments?post=2932"}],"version-history":[{"count":0,"href":"https:\/\/minyu.com\/es\/wp-json\/wp\/v2\/pages\/2932\/revisions"}],"up":[{"embeddable":true,"href":"https:\/\/minyu.com\/es\/wp-json\/wp\/v2\/pages\/2892"}],"wp:featuredmedia":[{"embeddable":true,"href":"https:\/\/minyu.com\/es\/wp-json\/wp\/v2\/media\/2694"}],"wp:attachment":[{"href":"https:\/\/minyu.com\/es\/wp-json\/wp\/v2\/media?parent=2932"}],"wp:term":[{"taxonomy":"post_tag","embeddable":true,"href":"https:\/\/minyu.com\/es\/wp-json\/wp\/v2\/tags?post=2932"}],"curies":[{"name":"wp","href":"https:\/\/api.w.org\/{rel}","templated":true}]}}