{"id":2936,"date":"2017-04-06T19:05:53","date_gmt":"2017-04-07T02:05:53","guid":{"rendered":"https:\/\/minyu.com\/trituracion-equipo\/trituradora-quijada"},"modified":"2019-01-22T14:54:31","modified_gmt":"2019-01-22T22:54:31","slug":"trituradora-quijada","status":"publish","type":"page","link":"https:\/\/minyu.com\/es\/trituracion-equipo\/trituradora-quijada","title":{"rendered":"Trituradora de Quijada"},"content":{"rendered":"","protected":false},"excerpt":{"rendered":"","protected":false},"author":1,"featured_media":2029,"parent":2892,"menu_order":125,"comment_status":"closed","ping_status":"closed","template":"","meta":{"_seopress_robots_primary_cat":"","_seopress_titles_title":"Trituradora de Quijada | Equipos de Trituraci\u00f3n | %%sitetitle%%","_seopress_titles_desc":"Trituradoras de quijada de Minyu se fabrican con los m\u00e1s altos est\u00e1ndares y soportan los rigores de cualquier sitio de trabajo. Nuestras trituradoras de quijada constantemente superan a la competencia.","_seopress_robots_index":"","footnotes":""},"tags":[],"class_list":["post-2936","page","type-page","status-publish","has-post-thumbnail","hentry"],"_links":{"self":[{"href":"https:\/\/minyu.com\/es\/wp-json\/wp\/v2\/pages\/2936","targetHints":{"allow":["GET"]}}],"collection":[{"href":"https:\/\/minyu.com\/es\/wp-json\/wp\/v2\/pages"}],"about":[{"href":"https:\/\/minyu.com\/es\/wp-json\/wp\/v2\/types\/page"}],"author":[{"embeddable":true,"href":"https:\/\/minyu.com\/es\/wp-json\/wp\/v2\/users\/1"}],"replies":[{"embeddable":true,"href":"https:\/\/minyu.com\/es\/wp-json\/wp\/v2\/comments?post=2936"}],"version-history":[{"count":0,"href":"https:\/\/minyu.com\/es\/wp-json\/wp\/v2\/pages\/2936\/revisions"}],"up":[{"embeddable":true,"href":"https:\/\/minyu.com\/es\/wp-json\/wp\/v2\/pages\/2892"}],"wp:featuredmedia":[{"embeddable":true,"href":"https:\/\/minyu.com\/es\/wp-json\/wp\/v2\/media\/2029"}],"wp:attachment":[{"href":"https:\/\/minyu.com\/es\/wp-json\/wp\/v2\/media?parent=2936"}],"wp:term":[{"taxonomy":"post_tag","embeddable":true,"href":"https:\/\/minyu.com\/es\/wp-json\/wp\/v2\/tags?post=2936"}],"curies":[{"name":"wp","href":"https:\/\/api.w.org\/{rel}","templated":true}]}}