{"id":2938,"date":"2017-04-11T14:12:30","date_gmt":"2017-04-11T21:12:30","guid":{"rendered":"https:\/\/minyu.com\/trituracion-equipo\/trituradora-quijada\/serie-ms"},"modified":"2017-09-29T11:10:24","modified_gmt":"2017-09-29T18:10:24","slug":"serie-ms","status":"publish","type":"page","link":"https:\/\/minyu.com\/es\/trituracion-equipo\/trituradora-quijada\/serie-ms","title":{"rendered":"Serie MS"},"content":{"rendered":"","protected":false},"excerpt":{"rendered":"","protected":false},"author":1,"featured_media":2393,"parent":2936,"menu_order":57,"comment_status":"closed","ping_status":"closed","template":"","meta":{"_seopress_robots_primary_cat":"","_seopress_titles_title":"Trituradora de Quijada de la Serie MS | Equipos de Trituraci\u00f3n | %%sitetitle%%","_seopress_titles_desc":"La trituradora de quijada de Minyu de la serie MS est\u00e1 equipada con aberturas de alimentaci\u00f3n m\u00e1s grandes y movimientos de trituraci\u00f3n m\u00e1s grandes adecuados para triturar bultos grandes en gran cantidad.","_seopress_robots_index":"","footnotes":""},"tags":[95],"class_list":["post-2938","page","type-page","status-publish","has-post-thumbnail","hentry","tag-trituradora-de-quijada"],"_links":{"self":[{"href":"https:\/\/minyu.com\/es\/wp-json\/wp\/v2\/pages\/2938","targetHints":{"allow":["GET"]}}],"collection":[{"href":"https:\/\/minyu.com\/es\/wp-json\/wp\/v2\/pages"}],"about":[{"href":"https:\/\/minyu.com\/es\/wp-json\/wp\/v2\/types\/page"}],"author":[{"embeddable":true,"href":"https:\/\/minyu.com\/es\/wp-json\/wp\/v2\/users\/1"}],"replies":[{"embeddable":true,"href":"https:\/\/minyu.com\/es\/wp-json\/wp\/v2\/comments?post=2938"}],"version-history":[{"count":0,"href":"https:\/\/minyu.com\/es\/wp-json\/wp\/v2\/pages\/2938\/revisions"}],"up":[{"embeddable":true,"href":"https:\/\/minyu.com\/es\/wp-json\/wp\/v2\/pages\/2936"}],"wp:featuredmedia":[{"embeddable":true,"href":"https:\/\/minyu.com\/es\/wp-json\/wp\/v2\/media\/2393"}],"wp:attachment":[{"href":"https:\/\/minyu.com\/es\/wp-json\/wp\/v2\/media?parent=2938"}],"wp:term":[{"taxonomy":"post_tag","embeddable":true,"href":"https:\/\/minyu.com\/es\/wp-json\/wp\/v2\/tags?post=2938"}],"curies":[{"name":"wp","href":"https:\/\/api.w.org\/{rel}","templated":true}]}}