{"id":2939,"date":"2017-04-11T14:12:42","date_gmt":"2017-04-11T21:12:42","guid":{"rendered":"https:\/\/minyu.com\/trituracion-equipo\/trituradora-quijada\/serie-msh"},"modified":"2017-04-11T14:12:42","modified_gmt":"2017-04-11T21:12:42","slug":"serie-msh","status":"publish","type":"page","link":"https:\/\/minyu.com\/es\/trituracion-equipo\/trituradora-quijada\/serie-msh","title":{"rendered":"Serie MSH"},"content":{"rendered":"","protected":false},"excerpt":{"rendered":"","protected":false},"author":1,"featured_media":0,"parent":2936,"menu_order":60,"comment_status":"closed","ping_status":"closed","template":"","meta":{"_seopress_robots_primary_cat":"","_seopress_titles_title":"Trituradora de Quijada de la serie MSH | Equipos de Trituraci\u00f3n | %%sitetitle%%","_seopress_titles_desc":"La trituradora de quijada serie MSH de Minyu es totalmente hidr\u00e1ulica, m\u00e1s f\u00e1cil de operar y m\u00e1s eficiente.","_seopress_robots_index":"","footnotes":""},"tags":[95],"class_list":["post-2939","page","type-page","status-publish","hentry","tag-trituradora-de-quijada"],"_links":{"self":[{"href":"https:\/\/minyu.com\/es\/wp-json\/wp\/v2\/pages\/2939","targetHints":{"allow":["GET"]}}],"collection":[{"href":"https:\/\/minyu.com\/es\/wp-json\/wp\/v2\/pages"}],"about":[{"href":"https:\/\/minyu.com\/es\/wp-json\/wp\/v2\/types\/page"}],"author":[{"embeddable":true,"href":"https:\/\/minyu.com\/es\/wp-json\/wp\/v2\/users\/1"}],"replies":[{"embeddable":true,"href":"https:\/\/minyu.com\/es\/wp-json\/wp\/v2\/comments?post=2939"}],"version-history":[{"count":0,"href":"https:\/\/minyu.com\/es\/wp-json\/wp\/v2\/pages\/2939\/revisions"}],"up":[{"embeddable":true,"href":"https:\/\/minyu.com\/es\/wp-json\/wp\/v2\/pages\/2936"}],"wp:attachment":[{"href":"https:\/\/minyu.com\/es\/wp-json\/wp\/v2\/media?parent=2939"}],"wp:term":[{"taxonomy":"post_tag","embeddable":true,"href":"https:\/\/minyu.com\/es\/wp-json\/wp\/v2\/tags?post=2939"}],"curies":[{"name":"wp","href":"https:\/\/api.w.org\/{rel}","templated":true}]}}