{"id":2940,"date":"2017-03-06T17:47:50","date_gmt":"2017-03-07T01:47:50","guid":{"rendered":"https:\/\/minyu.com\/equipo-cribado"},"modified":"2017-09-28T15:28:20","modified_gmt":"2017-09-28T22:28:20","slug":"equipo-cribado","status":"publish","type":"page","link":"https:\/\/minyu.com\/es\/equipo-cribado","title":{"rendered":"Cribado"},"content":{"rendered":"","protected":false},"excerpt":{"rendered":"","protected":false},"author":1,"featured_media":0,"parent":0,"menu_order":25,"comment_status":"closed","ping_status":"closed","template":"","meta":{"_seopress_robots_primary_cat":"","_seopress_titles_title":"Equipo de Cribado | %%sitetitle%%","_seopress_titles_desc":"Maquinaria de cribado de Minyu: Cribas, alimentadores y pre-cribas para las industrias de construcci\u00f3n y miner\u00eda - Minyu ha fabricado cribas de alta calidad por m\u00e1s de 50 a\u00f1os.","_seopress_robots_index":"","footnotes":""},"tags":[],"class_list":["post-2940","page","type-page","status-publish","hentry"],"_links":{"self":[{"href":"https:\/\/minyu.com\/es\/wp-json\/wp\/v2\/pages\/2940","targetHints":{"allow":["GET"]}}],"collection":[{"href":"https:\/\/minyu.com\/es\/wp-json\/wp\/v2\/pages"}],"about":[{"href":"https:\/\/minyu.com\/es\/wp-json\/wp\/v2\/types\/page"}],"author":[{"embeddable":true,"href":"https:\/\/minyu.com\/es\/wp-json\/wp\/v2\/users\/1"}],"replies":[{"embeddable":true,"href":"https:\/\/minyu.com\/es\/wp-json\/wp\/v2\/comments?post=2940"}],"version-history":[{"count":0,"href":"https:\/\/minyu.com\/es\/wp-json\/wp\/v2\/pages\/2940\/revisions"}],"wp:attachment":[{"href":"https:\/\/minyu.com\/es\/wp-json\/wp\/v2\/media?parent=2940"}],"wp:term":[{"taxonomy":"post_tag","embeddable":true,"href":"https:\/\/minyu.com\/es\/wp-json\/wp\/v2\/tags?post=2940"}],"curies":[{"name":"wp","href":"https:\/\/api.w.org\/{rel}","templated":true}]}}