{"id":2944,"date":"2017-04-11T14:14:48","date_gmt":"2017-04-11T21:14:48","guid":{"rendered":"https:\/\/minyu.com\/equipo-cribado\/alimentadores-y-pre-cribadores\/alimentador-grizzly-vibrante-mvg"},"modified":"2017-04-11T14:14:48","modified_gmt":"2017-04-11T21:14:48","slug":"alimentador-grizzly-vibrante-mvg","status":"publish","type":"page","link":"https:\/\/minyu.com\/es\/equipo-cribado\/alimentadores-y-pre-cribadores\/alimentador-grizzly-vibrante-mvg","title":{"rendered":"Alimentador Grizzly Vibrante MVG"},"content":{"rendered":"","protected":false},"excerpt":{"rendered":"","protected":false},"author":1,"featured_media":2750,"parent":2941,"menu_order":71,"comment_status":"closed","ping_status":"closed","template":"","meta":{"_seopress_robots_primary_cat":"","_seopress_titles_title":"Vibrante y Inclinado Alimentador Grizzly MVG | %%sitetitle%%","_seopress_titles_desc":"El alimentador de Grizzly inclinado de serie MVG separa los materiales para el dimensionamiento, eliminando los no deseados, y evitando los m\u00e1s peque\u00f1os para maximizar la capacidad de trituraci\u00f3n de la trituradora.","_seopress_robots_index":"","footnotes":""},"tags":[96],"class_list":["post-2944","page","type-page","status-publish","has-post-thumbnail","hentry","tag-alimentadores-pre-cribadores"],"_links":{"self":[{"href":"https:\/\/minyu.com\/es\/wp-json\/wp\/v2\/pages\/2944","targetHints":{"allow":["GET"]}}],"collection":[{"href":"https:\/\/minyu.com\/es\/wp-json\/wp\/v2\/pages"}],"about":[{"href":"https:\/\/minyu.com\/es\/wp-json\/wp\/v2\/types\/page"}],"author":[{"embeddable":true,"href":"https:\/\/minyu.com\/es\/wp-json\/wp\/v2\/users\/1"}],"replies":[{"embeddable":true,"href":"https:\/\/minyu.com\/es\/wp-json\/wp\/v2\/comments?post=2944"}],"version-history":[{"count":0,"href":"https:\/\/minyu.com\/es\/wp-json\/wp\/v2\/pages\/2944\/revisions"}],"up":[{"embeddable":true,"href":"https:\/\/minyu.com\/es\/wp-json\/wp\/v2\/pages\/2941"}],"wp:featuredmedia":[{"embeddable":true,"href":"https:\/\/minyu.com\/es\/wp-json\/wp\/v2\/media\/2750"}],"wp:attachment":[{"href":"https:\/\/minyu.com\/es\/wp-json\/wp\/v2\/media?parent=2944"}],"wp:term":[{"taxonomy":"post_tag","embeddable":true,"href":"https:\/\/minyu.com\/es\/wp-json\/wp\/v2\/tags?post=2944"}],"curies":[{"name":"wp","href":"https:\/\/api.w.org\/{rel}","templated":true}]}}