{"id":2945,"date":"2017-04-06T19:06:16","date_gmt":"2017-04-07T02:06:16","guid":{"rendered":"https:\/\/minyu.com\/equipo-cribado\/cribas"},"modified":"2017-09-28T15:28:37","modified_gmt":"2017-09-28T22:28:37","slug":"cribas","status":"publish","type":"page","link":"https:\/\/minyu.com\/es\/equipo-cribado\/cribas","title":{"rendered":"Cribas"},"content":{"rendered":"","protected":false},"excerpt":{"rendered":"","protected":false},"author":1,"featured_media":2400,"parent":2940,"menu_order":26,"comment_status":"closed","ping_status":"closed","template":"","meta":{"_seopress_robots_primary_cat":"","_seopress_titles_title":"Cribas | Equipo de Cribado | %%sitetitle%%","_seopress_titles_desc":"Todas cribas y equipos de cribas de Minyu se fabrican con los m\u00e1s altos est\u00e1ndares de calidad para soportar los rigores de la industria miner\u00eda y de construcci\u00f3n.","_seopress_robots_index":"","footnotes":""},"tags":[],"class_list":["post-2945","page","type-page","status-publish","has-post-thumbnail","hentry"],"_links":{"self":[{"href":"https:\/\/minyu.com\/es\/wp-json\/wp\/v2\/pages\/2945","targetHints":{"allow":["GET"]}}],"collection":[{"href":"https:\/\/minyu.com\/es\/wp-json\/wp\/v2\/pages"}],"about":[{"href":"https:\/\/minyu.com\/es\/wp-json\/wp\/v2\/types\/page"}],"author":[{"embeddable":true,"href":"https:\/\/minyu.com\/es\/wp-json\/wp\/v2\/users\/1"}],"replies":[{"embeddable":true,"href":"https:\/\/minyu.com\/es\/wp-json\/wp\/v2\/comments?post=2945"}],"version-history":[{"count":0,"href":"https:\/\/minyu.com\/es\/wp-json\/wp\/v2\/pages\/2945\/revisions"}],"up":[{"embeddable":true,"href":"https:\/\/minyu.com\/es\/wp-json\/wp\/v2\/pages\/2940"}],"wp:featuredmedia":[{"embeddable":true,"href":"https:\/\/minyu.com\/es\/wp-json\/wp\/v2\/media\/2400"}],"wp:attachment":[{"href":"https:\/\/minyu.com\/es\/wp-json\/wp\/v2\/media?parent=2945"}],"wp:term":[{"taxonomy":"post_tag","embeddable":true,"href":"https:\/\/minyu.com\/es\/wp-json\/wp\/v2\/tags?post=2945"}],"curies":[{"name":"wp","href":"https:\/\/api.w.org\/{rel}","templated":true}]}}