{"id":2949,"date":"2017-03-02T22:28:18","date_gmt":"2017-03-03T06:28:18","guid":{"rendered":"https:\/\/minyu.com\/contactenos"},"modified":"2020-02-04T15:17:47","modified_gmt":"2020-02-04T23:17:47","slug":"contactenos","status":"publish","type":"page","link":"https:\/\/minyu.com\/es\/contactenos","title":{"rendered":"Contacto"},"content":{"rendered":"<h1>\n\t\tCont\u00e1ctenos\n\t<\/h1>\n<h2>\n\t\tHeadquarters\n\t<\/h2>\n\t<ul>\n\t\t<li>\t\t\t\t\n\t\t<h4>Tel\u00e9fono<\/h4 ><p>+1-951-657-0588<\/p><\/li><li>\t\t\t\t\n\t\t<h4>Direcci\u00f3n<\/h4 ><p>75 Paseo Adelanto<br \/>Building D<br \/>Perris, CA<\/p><\/li>\t<\/ul>\n<h2>\n\t\tAsia Branch\n\t<\/h2>\n\t<ul>\n\t\t<li>\t\t\t\t\n\t\t<h4>Tel\u00e9fono<\/h4 ><p>+886-2-27716176<\/p><\/li><li>\t\t\t\t\n\t\t<h4>Address<\/h4 ><p>11th Floor, No. 1, Fuxing N Rd.<br \/>Taipei City 10595 Taiwan<\/p><\/li>\t<\/ul>\n<h2>\n\t\tEurope Branch\n\t<\/h2>\n\t<ul>\n\t\t<li>\t\t\t\t\n\t\t<h4>Tel\u00e9fono<\/h4 ><p>+39-0721-959340<\/p><\/li><li>\t\t\t\t\n\t\t<h4>Direcci\u00f3n<\/h4 ><p>Via Vittorio Alfieri, 8-61039<br \/>Ponterio di San Constanzo (PU) &#8211; ITALY<\/p><\/li>\t<\/ul>\n<h2>\n\t\tChina Branch\n\t<\/h2>\n\t<ul>\n\t\t<li>\t\t\t\t\n\t\t<h4>Tel\u00e9fono<\/h4 ><p>+86-0519-8366-6895<\/p><\/li><li>\t\t\t\t\n\t\t<h4>Direcci\u00f3n<\/h4 ><p>No. 15 Huajiatang<br \/>Panjia Village<br \/>Xueyan Town, Wujin Dist.,<br \/>Changzhou City, Jiangsu, China<\/p><\/li>\t<\/ul>\n","protected":false},"excerpt":{"rendered":"<p>Cont\u00e1ctenos Headquarters Tel\u00e9fono +1-951-657-0588 Direcci\u00f3n 75 Paseo AdelantoBuilding DPerris, CA Asia Branch Tel\u00e9fono +886-2-27716176 Address 11th Floor, No. 1, Fuxing N Rd.Taipei City 10595 Taiwan Europe Branch Tel\u00e9fono +39-0721-959340 Direcci\u00f3n Via Vittorio Alfieri, 8-61039Ponterio di San Constanzo (PU) &#8211; ITALY China Branch Tel\u00e9fono +86-0519-8366-6895 Direcci\u00f3n No. 15 HuajiatangPanjia VillageXueyan Town, Wujin Dist.,Changzhou City, Jiangsu, China<\/p>\n","protected":false},"author":1,"featured_media":0,"parent":0,"menu_order":115,"comment_status":"closed","ping_status":"closed","template":"","meta":{"_seopress_robots_primary_cat":"","_seopress_titles_title":"Cont\u00e1ctenos | %%sitetitle%%","_seopress_titles_desc":"Encuentre la oficina m\u00e1s cercana de Minyu Machinery cercana o rellene nuestro formulario de contacto y nos pondremos en contacto con usted muy pronto.","_seopress_robots_index":"","footnotes":""},"tags":[],"class_list":["post-2949","page","type-page","status-publish","hentry"],"_links":{"self":[{"href":"https:\/\/minyu.com\/es\/wp-json\/wp\/v2\/pages\/2949","targetHints":{"allow":["GET"]}}],"collection":[{"href":"https:\/\/minyu.com\/es\/wp-json\/wp\/v2\/pages"}],"about":[{"href":"https:\/\/minyu.com\/es\/wp-json\/wp\/v2\/types\/page"}],"author":[{"embeddable":true,"href":"https:\/\/minyu.com\/es\/wp-json\/wp\/v2\/users\/1"}],"replies":[{"embeddable":true,"href":"https:\/\/minyu.com\/es\/wp-json\/wp\/v2\/comments?post=2949"}],"version-history":[{"count":0,"href":"https:\/\/minyu.com\/es\/wp-json\/wp\/v2\/pages\/2949\/revisions"}],"wp:attachment":[{"href":"https:\/\/minyu.com\/es\/wp-json\/wp\/v2\/media?parent=2949"}],"wp:term":[{"taxonomy":"post_tag","embeddable":true,"href":"https:\/\/minyu.com\/es\/wp-json\/wp\/v2\/tags?post=2949"}],"curies":[{"name":"wp","href":"https:\/\/api.w.org\/{rel}","templated":true}]}}