{"id":2950,"date":"2017-03-02T22:25:44","date_gmt":"2017-03-03T06:25:44","guid":{"rendered":"https:\/\/minyu.com\/nosotros"},"modified":"2020-04-15T13:57:36","modified_gmt":"2020-04-15T20:57:36","slug":"nosotros","status":"publish","type":"page","link":"https:\/\/minyu.com\/es\/nosotros","title":{"rendered":"Nosotros"},"content":{"rendered":"<h1>\n\t\tNosotros\n\t<\/h1>\n\t<p>Minyu Machinery Corp. es el fabricante taiwan\u00e9s l\u00edder de trituradoras y cribas. Durante m\u00e1s de cinco d\u00e9cadas, hemos estado dise\u00f1ando, fabricando y comercializando equipos que han cambiado la infraestructura no s\u00f3lo de Taiw\u00e1n, sino tambi\u00e9n de muchos pa\u00edses alrededor del mundo.<\/p>\n<h2>\n\t\tUna introducci\u00f3n\n\t<\/h2>\n\t<ul>\n\t\t<li>\t\t\t\t\n\t\t<h3> La Alocuci\u00f3n<\/h3 ><p>75 Paseo Adelanto, Building D, Perris, CA<\/p><\/li><li>\t\t\t\t\n\t\t<h3><\/h3 ><\/li><li>\t\t\t\t\n\t\t<h3><\/h3 ><\/li><li>\t\t\t\t\n\t\t<h3><\/h3 ><\/li><li>\t\t\t\t\n\t\t<h3><\/h3 ><\/li>\t<\/ul>\n\t<p>Nuestra rica experiencia en el servicio de la construcci\u00f3n y las industrias mineras es tambi\u00e9n lo que da forma a nuestra comprensi\u00f3n de las necesidades de nuestros clientes y por lo tanto, gu\u00eda nuestra b\u00fasqueda implacable de la excelencia.<\/p>\n<p>Aqu\u00ed en Minyu Machinery, nos esforzamos para mejorar nosotros mismos, nuestros servicios y nuestros productos en rendimiento, crecimiento y satisfacci\u00f3n del cliente. Es por eso que no evitamos gastos en la investigaci\u00f3n de los \u00faltimos desarrollos de las industria para dise\u00f1ar y fabricar equipos en los que pueda confiar. Los usuarios finales y los compradores de ODM miran a Minyu como su trituradora de elecci\u00f3n.<\/p>\n<p>Desde su creaci\u00f3n en 1965, Minyu Machinery Corporation se ha comprometido a dise\u00f1ar, fabricar y proporcionar trituradoras de alta calidad y cribas para las industrias de construcci\u00f3n y mineras. Con un enfoque en la maquinaria de trituraci\u00f3n, hemos ganado la experiencia para construir trituradoras y cribas que son seguras, confiables, f\u00e1ciles de operar, productivas y eficientes para asegurar su ganancia y crecimiento empresarial.<\/p>\n\t\t\t<h2>Our Principles Drive Us!<\/h2>\t\t\t\n\t\t\t\t<p>Our principles are founded on Quality, Service, and Partnership.<\/p>\n\t\t\t\t\t\t<h3><\/h3>\n\t\t\t\t\t\t<!-- CTA -->\n\t\t\t\t\t\t<h3><\/h3>\n\t\t\t\t\t\t<!-- CTA -->\n\t\t\t\t\t\t<h3><\/h3>\n\t\t\t\t\t\t<p>As a global enterprise, here at MINYU, we do business based upon the principle that your success is our success. Our customers are first and foremost our partners. We breach the language barrier by speaking\u00a0<a href=\"#topFlagList\"><em><strong>your\u00a0language<\/strong><\/em><\/a>. Our Sales team comes from all over the world and will speak\u00a0with you in any of these language: Chinese, English, French, German, Russian, and Spanish. We welcome and value your inquiries.<\/p>\n\t\t\t\t\t\t<!-- CTA -->\n","protected":false},"excerpt":{"rendered":"<p>Nosotros Minyu Machinery Corp. es el fabricante taiwan\u00e9s l\u00edder de trituradoras y cribas. Durante m\u00e1s de cinco d\u00e9cadas, hemos estado dise\u00f1ando, fabricando y comercializando equipos que han cambiado la infraestructura no s\u00f3lo de Taiw\u00e1n, sino tambi\u00e9n de muchos pa\u00edses alrededor del mundo. Una introducci\u00f3n La Alocuci\u00f3n 75 Paseo Adelanto, Building D, Perris, CA Nuestra rica&hellip;<\/p>\n","protected":false},"author":1,"featured_media":2827,"parent":0,"menu_order":105,"comment_status":"closed","ping_status":"closed","template":"","meta":{"_seopress_robots_primary_cat":"","_seopress_titles_title":"Nosotros | %%sitetitle%%","_seopress_titles_desc":"Minyu Machinery Corp ha estado fabricando equipos de trituraci\u00f3n y cribado de alta calidad por m\u00e1s de 50 a\u00f1os.","_seopress_robots_index":"","footnotes":""},"tags":[],"class_list":["post-2950","page","type-page","status-publish","has-post-thumbnail","hentry"],"_links":{"self":[{"href":"https:\/\/minyu.com\/es\/wp-json\/wp\/v2\/pages\/2950","targetHints":{"allow":["GET"]}}],"collection":[{"href":"https:\/\/minyu.com\/es\/wp-json\/wp\/v2\/pages"}],"about":[{"href":"https:\/\/minyu.com\/es\/wp-json\/wp\/v2\/types\/page"}],"author":[{"embeddable":true,"href":"https:\/\/minyu.com\/es\/wp-json\/wp\/v2\/users\/1"}],"replies":[{"embeddable":true,"href":"https:\/\/minyu.com\/es\/wp-json\/wp\/v2\/comments?post=2950"}],"version-history":[{"count":0,"href":"https:\/\/minyu.com\/es\/wp-json\/wp\/v2\/pages\/2950\/revisions"}],"wp:featuredmedia":[{"embeddable":true,"href":"https:\/\/minyu.com\/es\/wp-json\/wp\/v2\/media\/2827"}],"wp:attachment":[{"href":"https:\/\/minyu.com\/es\/wp-json\/wp\/v2\/media?parent=2950"}],"wp:term":[{"taxonomy":"post_tag","embeddable":true,"href":"https:\/\/minyu.com\/es\/wp-json\/wp\/v2\/tags?post=2950"}],"curies":[{"name":"wp","href":"https:\/\/api.w.org\/{rel}","templated":true}]}}