{"id":2951,"date":"2017-03-02T22:29:19","date_gmt":"2017-03-03T06:29:19","guid":{"rendered":"https:\/\/minyu.com\/catalogos-productos"},"modified":"2017-03-02T22:29:19","modified_gmt":"2017-03-03T06:29:19","slug":"catalogos-productos","status":"publish","type":"page","link":"https:\/\/minyu.com\/es\/catalogos-productos","title":{"rendered":"Cat\u00e1logos de productos"},"content":{"rendered":"","protected":false},"excerpt":{"rendered":"","protected":false},"author":1,"featured_media":0,"parent":0,"menu_order":13,"comment_status":"closed","ping_status":"closed","template":"","meta":{"_seopress_robots_primary_cat":"","_seopress_titles_title":"Descargue Nuestros Cat\u00e1logos de Productos | %%sitetitle%%","_seopress_titles_desc":"Descargue los cat\u00e1logos de productos de Minyu Machinery para todos nuestros trituradoras y cribas m\u00e1s populares. Minyu es el fabricante principal de trituradoras taiwan\u00e9s.","_seopress_robots_index":"","footnotes":""},"tags":[],"class_list":["post-2951","page","type-page","status-publish","hentry"],"_links":{"self":[{"href":"https:\/\/minyu.com\/es\/wp-json\/wp\/v2\/pages\/2951","targetHints":{"allow":["GET"]}}],"collection":[{"href":"https:\/\/minyu.com\/es\/wp-json\/wp\/v2\/pages"}],"about":[{"href":"https:\/\/minyu.com\/es\/wp-json\/wp\/v2\/types\/page"}],"author":[{"embeddable":true,"href":"https:\/\/minyu.com\/es\/wp-json\/wp\/v2\/users\/1"}],"replies":[{"embeddable":true,"href":"https:\/\/minyu.com\/es\/wp-json\/wp\/v2\/comments?post=2951"}],"version-history":[{"count":0,"href":"https:\/\/minyu.com\/es\/wp-json\/wp\/v2\/pages\/2951\/revisions"}],"wp:attachment":[{"href":"https:\/\/minyu.com\/es\/wp-json\/wp\/v2\/media?parent=2951"}],"wp:term":[{"taxonomy":"post_tag","embeddable":true,"href":"https:\/\/minyu.com\/es\/wp-json\/wp\/v2\/tags?post=2951"}],"curies":[{"name":"wp","href":"https:\/\/api.w.org\/{rel}","templated":true}]}}