{"id":2952,"date":"2017-04-06T19:06:47","date_gmt":"2017-04-07T02:06:47","guid":{"rendered":"https:\/\/minyu.com\/pista-movil"},"modified":"2017-04-06T19:06:47","modified_gmt":"2017-04-07T02:06:47","slug":"pista-movil","status":"publish","type":"page","link":"https:\/\/minyu.com\/es\/diseno-de-planta\/pista-movil","title":{"rendered":"Pista M\u00f3vil"},"content":{"rendered":"","protected":false},"excerpt":{"rendered":"","protected":false},"author":1,"featured_media":0,"parent":2954,"menu_order":100,"comment_status":"closed","ping_status":"closed","template":"","meta":{"_seopress_robots_primary_cat":"","_seopress_titles_title":"Pista M\u00f3vil para Trituraci\u00f3n y Cribado | %%sitetitle%%","_seopress_titles_desc":"Planta de pista m\u00f3vil de trituraci\u00f3n y cribado \r\ndise\u00f1ado por Striker Crushing. Nos hemos asociado con el l\u00edder en la industria de dise\u00f1o de plantas de pista m\u00f3viles.","_seopress_robots_index":"","footnotes":""},"tags":[],"class_list":["post-2952","page","type-page","status-publish","hentry"],"_links":{"self":[{"href":"https:\/\/minyu.com\/es\/wp-json\/wp\/v2\/pages\/2952","targetHints":{"allow":["GET"]}}],"collection":[{"href":"https:\/\/minyu.com\/es\/wp-json\/wp\/v2\/pages"}],"about":[{"href":"https:\/\/minyu.com\/es\/wp-json\/wp\/v2\/types\/page"}],"author":[{"embeddable":true,"href":"https:\/\/minyu.com\/es\/wp-json\/wp\/v2\/users\/1"}],"replies":[{"embeddable":true,"href":"https:\/\/minyu.com\/es\/wp-json\/wp\/v2\/comments?post=2952"}],"version-history":[{"count":0,"href":"https:\/\/minyu.com\/es\/wp-json\/wp\/v2\/pages\/2952\/revisions"}],"up":[{"embeddable":true,"href":"https:\/\/minyu.com\/es\/wp-json\/wp\/v2\/pages\/2954"}],"wp:attachment":[{"href":"https:\/\/minyu.com\/es\/wp-json\/wp\/v2\/media?parent=2952"}],"wp:term":[{"taxonomy":"post_tag","embeddable":true,"href":"https:\/\/minyu.com\/es\/wp-json\/wp\/v2\/tags?post=2952"}],"curies":[{"name":"wp","href":"https:\/\/api.w.org\/{rel}","templated":true}]}}