{"id":2953,"date":"2017-04-06T19:07:08","date_gmt":"2017-04-07T02:07:08","guid":{"rendered":"https:\/\/minyu.com\/estacionario"},"modified":"2017-04-06T19:07:08","modified_gmt":"2017-04-07T02:07:08","slug":"estacionario","status":"publish","type":"page","link":"https:\/\/minyu.com\/es\/diseno-de-planta\/estacionario","title":{"rendered":"Estacionario"},"content":{"rendered":"","protected":false},"excerpt":{"rendered":"","protected":false},"author":1,"featured_media":0,"parent":2954,"menu_order":35,"comment_status":"closed","ping_status":"closed","template":"","meta":{"_seopress_robots_primary_cat":"","_seopress_titles_title":"Trituraci\u00f3n Estacionaria y Plantas de Cribado | %%sitetitle%%","_seopress_titles_desc":"Las plantas estacionarias de trituraci\u00f3n y cribado de Minyu son perfectamente adecuadas para la miner\u00eda, la construcci\u00f3n, la conservaci\u00f3n del agua, la metalurgia y otras industrias relacionadas.","_seopress_robots_index":"","footnotes":""},"tags":[97],"class_list":["post-2953","page","type-page","status-publish","hentry","tag-diseno-de-planta"],"_links":{"self":[{"href":"https:\/\/minyu.com\/es\/wp-json\/wp\/v2\/pages\/2953","targetHints":{"allow":["GET"]}}],"collection":[{"href":"https:\/\/minyu.com\/es\/wp-json\/wp\/v2\/pages"}],"about":[{"href":"https:\/\/minyu.com\/es\/wp-json\/wp\/v2\/types\/page"}],"author":[{"embeddable":true,"href":"https:\/\/minyu.com\/es\/wp-json\/wp\/v2\/users\/1"}],"replies":[{"embeddable":true,"href":"https:\/\/minyu.com\/es\/wp-json\/wp\/v2\/comments?post=2953"}],"version-history":[{"count":0,"href":"https:\/\/minyu.com\/es\/wp-json\/wp\/v2\/pages\/2953\/revisions"}],"up":[{"embeddable":true,"href":"https:\/\/minyu.com\/es\/wp-json\/wp\/v2\/pages\/2954"}],"wp:attachment":[{"href":"https:\/\/minyu.com\/es\/wp-json\/wp\/v2\/media?parent=2953"}],"wp:term":[{"taxonomy":"post_tag","embeddable":true,"href":"https:\/\/minyu.com\/es\/wp-json\/wp\/v2\/tags?post=2953"}],"curies":[{"name":"wp","href":"https:\/\/api.w.org\/{rel}","templated":true}]}}