{"id":2954,"date":"2017-03-02T22:29:10","date_gmt":"2017-03-03T06:29:10","guid":{"rendered":"https:\/\/minyu.com\/diseno-de-planta"},"modified":"2017-03-02T22:29:10","modified_gmt":"2017-03-03T06:29:10","slug":"diseno-de-planta","status":"publish","type":"page","link":"https:\/\/minyu.com\/es\/diseno-de-planta","title":{"rendered":"Dise\u00f1o de Planta"},"content":{"rendered":"","protected":false},"excerpt":{"rendered":"","protected":false},"author":1,"featured_media":0,"parent":0,"menu_order":34,"comment_status":"closed","ping_status":"closed","template":"","meta":{"_seopress_robots_primary_cat":"","_seopress_titles_title":"Dise\u00f1o de Planta | %%sitetitle%%","_seopress_titles_desc":"Dise\u00f1o de la planta: Ya sea el dise\u00f1o de la planta estacionaria o el dise\u00f1o de la planta m\u00f3vil, Minyu proporciona y consulta dise\u00f1os para su planta de construcci\u00f3n o de miner\u00eda.","_seopress_robots_index":"","footnotes":""},"tags":[],"class_list":["post-2954","page","type-page","status-publish","hentry"],"_links":{"self":[{"href":"https:\/\/minyu.com\/es\/wp-json\/wp\/v2\/pages\/2954","targetHints":{"allow":["GET"]}}],"collection":[{"href":"https:\/\/minyu.com\/es\/wp-json\/wp\/v2\/pages"}],"about":[{"href":"https:\/\/minyu.com\/es\/wp-json\/wp\/v2\/types\/page"}],"author":[{"embeddable":true,"href":"https:\/\/minyu.com\/es\/wp-json\/wp\/v2\/users\/1"}],"replies":[{"embeddable":true,"href":"https:\/\/minyu.com\/es\/wp-json\/wp\/v2\/comments?post=2954"}],"version-history":[{"count":0,"href":"https:\/\/minyu.com\/es\/wp-json\/wp\/v2\/pages\/2954\/revisions"}],"wp:attachment":[{"href":"https:\/\/minyu.com\/es\/wp-json\/wp\/v2\/media?parent=2954"}],"wp:term":[{"taxonomy":"post_tag","embeddable":true,"href":"https:\/\/minyu.com\/es\/wp-json\/wp\/v2\/tags?post=2954"}],"curies":[{"name":"wp","href":"https:\/\/api.w.org\/{rel}","templated":true}]}}