{"id":2955,"date":"2017-03-06T17:46:58","date_gmt":"2017-03-07T01:46:58","guid":{"rendered":"https:\/\/minyu.com\/lavado-y-supresion-de-polvo"},"modified":"2017-03-06T17:46:58","modified_gmt":"2017-03-07T01:46:58","slug":"lavado-y-supresion-de-polvo","status":"publish","type":"page","link":"https:\/\/minyu.com\/es\/lavado-y-supresion-de-polvo","title":{"rendered":"Lavado"},"content":{"rendered":"","protected":false},"excerpt":{"rendered":"","protected":false},"author":1,"featured_media":1959,"parent":0,"menu_order":65,"comment_status":"closed","ping_status":"closed","template":"","meta":{"_seopress_robots_primary_cat":"","_seopress_titles_title":"Lavado y Eliminaci\u00f3n de Polvo | %%sitetitle%%","_seopress_titles_desc":"Equipo de Supresi\u00f3n de Polvo y Lavado por Maitek, nuestro socio para el lavado y la supresi\u00f3n de polvo, ofrece ingenier\u00eda, consultor\u00eda y soporte t\u00e9cnico.","_seopress_robots_index":"","footnotes":""},"tags":[],"class_list":["post-2955","page","type-page","status-publish","has-post-thumbnail","hentry"],"_links":{"self":[{"href":"https:\/\/minyu.com\/es\/wp-json\/wp\/v2\/pages\/2955","targetHints":{"allow":["GET"]}}],"collection":[{"href":"https:\/\/minyu.com\/es\/wp-json\/wp\/v2\/pages"}],"about":[{"href":"https:\/\/minyu.com\/es\/wp-json\/wp\/v2\/types\/page"}],"author":[{"embeddable":true,"href":"https:\/\/minyu.com\/es\/wp-json\/wp\/v2\/users\/1"}],"replies":[{"embeddable":true,"href":"https:\/\/minyu.com\/es\/wp-json\/wp\/v2\/comments?post=2955"}],"version-history":[{"count":0,"href":"https:\/\/minyu.com\/es\/wp-json\/wp\/v2\/pages\/2955\/revisions"}],"wp:featuredmedia":[{"embeddable":true,"href":"https:\/\/minyu.com\/es\/wp-json\/wp\/v2\/media\/1959"}],"wp:attachment":[{"href":"https:\/\/minyu.com\/es\/wp-json\/wp\/v2\/media?parent=2955"}],"wp:term":[{"taxonomy":"post_tag","embeddable":true,"href":"https:\/\/minyu.com\/es\/wp-json\/wp\/v2\/tags?post=2955"}],"curies":[{"name":"wp","href":"https:\/\/api.w.org\/{rel}","templated":true}]}}