{"id":2956,"date":"2017-04-11T14:13:42","date_gmt":"2017-04-11T21:13:42","guid":{"rendered":"https:\/\/minyu.com\/equipo-cribado\/cribas\/cribas-horizontales-mlh"},"modified":"2017-09-29T11:17:40","modified_gmt":"2017-09-29T18:17:40","slug":"cribas-horizontales-mlh","status":"publish","type":"page","link":"https:\/\/minyu.com\/es\/equipo-cribado\/cribas\/cribas-horizontales-mlh","title":{"rendered":"Cribas Horizontales MLH"},"content":{"rendered":"","protected":false},"excerpt":{"rendered":"","protected":false},"author":1,"featured_media":2400,"parent":2945,"menu_order":83,"comment_status":"closed","ping_status":"closed","template":"","meta":{"_seopress_robots_primary_cat":"","_seopress_titles_title":"Cribadoras Horizontales MLH | %%sitetitle%%","_seopress_titles_desc":"Las cribas horizontales MLH de Minyu est\u00e1n dise\u00f1adas para proporcionar una fuerza centr\u00edfuga m\u00e1s fuerte que procesa m\u00e1s materiales por tama\u00f1o que nuestros competidores.","_seopress_robots_index":"","footnotes":""},"tags":[98],"class_list":["post-2956","page","type-page","status-publish","has-post-thumbnail","hentry","tag-cribas"],"_links":{"self":[{"href":"https:\/\/minyu.com\/es\/wp-json\/wp\/v2\/pages\/2956","targetHints":{"allow":["GET"]}}],"collection":[{"href":"https:\/\/minyu.com\/es\/wp-json\/wp\/v2\/pages"}],"about":[{"href":"https:\/\/minyu.com\/es\/wp-json\/wp\/v2\/types\/page"}],"author":[{"embeddable":true,"href":"https:\/\/minyu.com\/es\/wp-json\/wp\/v2\/users\/1"}],"replies":[{"embeddable":true,"href":"https:\/\/minyu.com\/es\/wp-json\/wp\/v2\/comments?post=2956"}],"version-history":[{"count":0,"href":"https:\/\/minyu.com\/es\/wp-json\/wp\/v2\/pages\/2956\/revisions"}],"up":[{"embeddable":true,"href":"https:\/\/minyu.com\/es\/wp-json\/wp\/v2\/pages\/2945"}],"wp:featuredmedia":[{"embeddable":true,"href":"https:\/\/minyu.com\/es\/wp-json\/wp\/v2\/media\/2400"}],"wp:attachment":[{"href":"https:\/\/minyu.com\/es\/wp-json\/wp\/v2\/media?parent=2956"}],"wp:term":[{"taxonomy":"post_tag","embeddable":true,"href":"https:\/\/minyu.com\/es\/wp-json\/wp\/v2\/tags?post=2956"}],"curies":[{"name":"wp","href":"https:\/\/api.w.org\/{rel}","templated":true}]}}