{"id":2958,"date":"2017-04-11T14:14:11","date_gmt":"2017-04-11T21:14:11","guid":{"rendered":"https:\/\/minyu.com\/equipo-cribado\/cribas\/cribas-inclinadas-serie-mop"},"modified":"2017-04-11T14:14:11","modified_gmt":"2017-04-11T21:14:11","slug":"cribas-inclinadas-serie-mop","status":"publish","type":"page","link":"https:\/\/minyu.com\/es\/equipo-cribado\/cribas\/cribas-inclinadas-serie-mop","title":{"rendered":"Cribas Inclinadas Serie MOP"},"content":{"rendered":"","protected":false},"excerpt":{"rendered":"","protected":false},"author":1,"featured_media":0,"parent":2945,"menu_order":88,"comment_status":"closed","ping_status":"closed","template":"","meta":{"_seopress_robots_primary_cat":"","_seopress_titles_title":"Cribas Inclinadas Serie MOP | %%sitetitle%%","_seopress_titles_desc":"Las cribas vibratorias inclinadas MOP de Minyu tienen una construcci\u00f3n extremadamente robusta, que se colocar\u00e1 con un \u00e1ngulo de 15\u00ba en condiciones de funcionamiento.","_seopress_robots_index":"","footnotes":""},"tags":[98],"class_list":["post-2958","page","type-page","status-publish","hentry","tag-cribas"],"_links":{"self":[{"href":"https:\/\/minyu.com\/es\/wp-json\/wp\/v2\/pages\/2958","targetHints":{"allow":["GET"]}}],"collection":[{"href":"https:\/\/minyu.com\/es\/wp-json\/wp\/v2\/pages"}],"about":[{"href":"https:\/\/minyu.com\/es\/wp-json\/wp\/v2\/types\/page"}],"author":[{"embeddable":true,"href":"https:\/\/minyu.com\/es\/wp-json\/wp\/v2\/users\/1"}],"replies":[{"embeddable":true,"href":"https:\/\/minyu.com\/es\/wp-json\/wp\/v2\/comments?post=2958"}],"version-history":[{"count":0,"href":"https:\/\/minyu.com\/es\/wp-json\/wp\/v2\/pages\/2958\/revisions"}],"up":[{"embeddable":true,"href":"https:\/\/minyu.com\/es\/wp-json\/wp\/v2\/pages\/2945"}],"wp:attachment":[{"href":"https:\/\/minyu.com\/es\/wp-json\/wp\/v2\/media?parent=2958"}],"wp:term":[{"taxonomy":"post_tag","embeddable":true,"href":"https:\/\/minyu.com\/es\/wp-json\/wp\/v2\/tags?post=2958"}],"curies":[{"name":"wp","href":"https:\/\/api.w.org\/{rel}","templated":true}]}}