{"id":2959,"date":"2017-04-06T19:07:25","date_gmt":"2017-04-07T02:07:25","guid":{"rendered":"https:\/\/minyu.com\/diseno-de-planta\/portatil"},"modified":"2017-04-06T19:07:25","modified_gmt":"2017-04-07T02:07:25","slug":"portatil","status":"publish","type":"page","link":"https:\/\/minyu.com\/es\/diseno-de-planta\/portatil","title":{"rendered":"Port\u00e1til"},"content":{"rendered":"","protected":false},"excerpt":{"rendered":"","protected":false},"author":1,"featured_media":0,"parent":2954,"menu_order":106,"comment_status":"closed","ping_status":"closed","template":"","meta":{"_seopress_robots_primary_cat":"","_seopress_titles_title":"Trituraci\u00f3n port\u00e1til y Plantas de Cribado | %%sitetitle%%","_seopress_titles_desc":"Las plantas de trituraci\u00f3n y cribado port\u00e1tiles de Minyu est\u00e1n montadas sobre ruedas y construidas resistentes. Ellos soportar\u00e1n los rigores de cualquier proyecto de construcci\u00f3n o miner\u00eda.","_seopress_robots_index":"","footnotes":""},"tags":[97],"class_list":["post-2959","page","type-page","status-publish","hentry","tag-diseno-de-planta"],"_links":{"self":[{"href":"https:\/\/minyu.com\/es\/wp-json\/wp\/v2\/pages\/2959","targetHints":{"allow":["GET"]}}],"collection":[{"href":"https:\/\/minyu.com\/es\/wp-json\/wp\/v2\/pages"}],"about":[{"href":"https:\/\/minyu.com\/es\/wp-json\/wp\/v2\/types\/page"}],"author":[{"embeddable":true,"href":"https:\/\/minyu.com\/es\/wp-json\/wp\/v2\/users\/1"}],"replies":[{"embeddable":true,"href":"https:\/\/minyu.com\/es\/wp-json\/wp\/v2\/comments?post=2959"}],"version-history":[{"count":0,"href":"https:\/\/minyu.com\/es\/wp-json\/wp\/v2\/pages\/2959\/revisions"}],"up":[{"embeddable":true,"href":"https:\/\/minyu.com\/es\/wp-json\/wp\/v2\/pages\/2954"}],"wp:attachment":[{"href":"https:\/\/minyu.com\/es\/wp-json\/wp\/v2\/media?parent=2959"}],"wp:term":[{"taxonomy":"post_tag","embeddable":true,"href":"https:\/\/minyu.com\/es\/wp-json\/wp\/v2\/tags?post=2959"}],"curies":[{"name":"wp","href":"https:\/\/api.w.org\/{rel}","templated":true}]}}